{"id":2,"date":"2011-06-18T19:55:02","date_gmt":"2011-06-18T17:55:02","guid":{"rendered":"http:\/\/www.detempsentemps.mobi\/wordpress\/?page_id=2"},"modified":"2024-07-07T18:15:06","modified_gmt":"2024-07-07T16:15:06","slug":"en-savoir-plus","status":"publish","type":"page","link":"https:\/\/www.detempsentemps.mobi\/blog\/en-savoir-plus\/","title":{"rendered":"En savoir plus"},"content":{"rendered":"<p>Bonjour !<\/p>\n<p>Ce site est un blog rattach\u00e9 au site personnel <a href=\"https:\/\/www.detempsentemps.mobi\" target=\"_blank\" rel=\"noopener noreferrer\">https:\/\/www.detempsentemps.mobi<\/a> ax\u00e9 sur les actualit\u00e9s et les r\u00e9sultats des \u00e9quipes de france de handball f\u00e9minines et masculines.<\/p>\n<p>Au d\u00e9part, j&rsquo;avais d\u00e9cid\u00e9 de cr\u00e9er un blog sur les jeux concours sur le web:<\/p>\n<blockquote><p>Je suppose qu&rsquo;il en existe beaucoup sur ce th\u00e8me mais je n&rsquo;ai pas encore regard\u00e9. Ici,\u00a0 j&rsquo;essaierai de vous parler des jeux concours auxquels j&rsquo;ai jou\u00e9 et que j&rsquo;ai aim\u00e9 bien s\u00fbr et \u00e9ventuellement de ce que j&rsquo;ai gagn\u00e9. Cela arrive <strong>de temps en temps<\/strong> ! si, si&#8230;<\/p>\n<p>Je ne joue pas souvent et ne cours pas apr\u00e8s mais quand ils se pr\u00e9sentent, je ne manque pas d&rsquo;y jouer. Avis aux webmasters et aux gens du marketing.<\/p><\/blockquote>\n<p>Aujourd&rsquo;hui, les articles publi\u00e9s sur ce blog sont de plus en plus li\u00e9s \u00e0 l&rsquo;actualit\u00e9 des grandes comp\u00e9titions internationales de Handball.<\/p>\n<p>Je laisse des pages plus personnelles comme le <a href=\"https:\/\/www.detempsentemps.mobi\/blog\/portfolio\/\" target=\"_blank\" rel=\"noopener noreferrer\">portfolio<\/a> ou des <a href=\"https:\/\/www.detempsentemps.mobi\/animation.htm\" target=\"_blank\" rel=\"noopener noreferrer\">petits jeux<\/a>.<\/p>\n<p>Le site \u00ab\u00a0De temps en temps\u00a0\u00bb est r\u00e9alis\u00e9 from scratch (en code), le blog est sous WordPress.<\/p>\n<p>Beaucoup de choses sont \u00e0 am\u00e9liorer et c&rsquo;est chronophage. Soyez indulgent.<\/p>\n<p>Vous pouvez me contacter <a href=\"https:\/\/www.detempsentemps.mobi\/contact.php\" target=\"_blank\" rel=\"noopener noreferrer\">ici<\/a><\/p>\n<p>Ce site m&rsquo;a permis de changer de m\u00e9tier et d&rsquo;aller vers le web, la communication digitale et l&rsquo;analyse de la performance.<\/p>\n<p>Le webmaster<\/p>\n<div style=\"padding-bottom:20px; padding-top:10px;\" class=\"hupso-share-buttons\"><!-- Hupso Share Buttons - https:\/\/www.hupso.com\/share\/ --><a class=\"hupso_toolbar\" href=\"https:\/\/www.hupso.com\/share\/\"><img decoding=\"async\" data-src=\"https:\/\/static.hupso.com\/share\/buttons\/lang\/fr\/share-medium.png\" style=\"border:0px; padding-top: 5px; float:left;\" alt=\"Share Button\" src=\"data:image\/svg+xml;base64,PHN2ZyB3aWR0aD0iMSIgaGVpZ2h0PSIxIiB4bWxucz0iaHR0cDovL3d3dy53My5vcmcvMjAwMC9zdmciPjwvc3ZnPg==\" class=\"lazyload\" \/><\/a><script type=\"text\/javascript\">var hupso_services_t=new Array(\"Twitter\",\"Facebook\",\"Pinterest\",\"Linkedin\",\"Email\");var hupso_background_t=\"#EAF4FF\";var hupso_border_t=\"#66CCFF\";var hupso_toolbar_size_t=\"medium\";var hupso_image_folder_url = \"\";var hupso_twitter_via=\"gau_c\";var hupso_url_t=\"\";var hupso_title_t=\"En%20savoir%20plus\";<\/script><script type=\"text\/javascript\" src=\"https:\/\/static.hupso.com\/share\/js\/share_toolbar.js\"><\/script><!-- Hupso Share Buttons --><\/div>","protected":false},"excerpt":{"rendered":"<p>Bonjour ! Ce site est un blog rattach\u00e9 au site personnel https:\/\/www.detempsentemps.mobi ax\u00e9 sur les actualit\u00e9s et les r\u00e9sultats des \u00e9quipes de france de handball f\u00e9minines et masculines. Au d\u00e9part, j&rsquo;avais d\u00e9cid\u00e9 de cr\u00e9er un blog sur les jeux concours &hellip; <a href=\"https:\/\/www.detempsentemps.mobi\/blog\/en-savoir-plus\/\">&nbsp;LIRE LA SUITE <span class=\"meta-nav\">&gt;<\/span>&nbsp;<\/a><\/p>\n","protected":false},"author":2,"featured_media":0,"parent":0,"menu_order":1,"comment_status":"closed","ping_status":"open","template":"","meta":{"_uag_custom_page_level_css":"","footnotes":""},"class_list":["post-2","page","type-page","status-publish","hentry"],"yoast_head":"<!-- This site is optimized with the Yoast SEO plugin v25.6 - https:\/\/yoast.com\/wordpress\/plugins\/seo\/ -->\n<title>En savoir plus - De tempS eN TempS<\/title>\n<meta name=\"description\" content=\"Blog sur les comp\u00e9titions internationales de Handball , les outils webmarketing de la communication digitale et d&#039;autres sujets.\" \/>\n<meta name=\"robots\" content=\"index, follow, max-snippet:-1, max-image-preview:large, max-video-preview:-1\" \/>\n<link rel=\"canonical\" href=\"https:\/\/www.detempsentemps.mobi\/blog\/en-savoir-plus\/\" \/>\n<meta property=\"og:locale\" content=\"fr_FR\" \/>\n<meta property=\"og:type\" content=\"article\" \/>\n<meta property=\"og:title\" content=\"En savoir plus - De tempS eN TempS\" \/>\n<meta property=\"og:description\" content=\"Blog sur les comp\u00e9titions internationales de Handball , les outils webmarketing de la communication digitale et d&#039;autres sujets.\" \/>\n<meta property=\"og:url\" content=\"https:\/\/www.detempsentemps.mobi\/blog\/en-savoir-plus\/\" \/>\n<meta property=\"og:site_name\" content=\"De tempS eN TempS\" \/>\n<meta property=\"article:modified_time\" content=\"2024-07-07T16:15:06+00:00\" \/>\n<meta name=\"twitter:card\" content=\"summary_large_image\" \/>\n<meta name=\"twitter:label1\" content=\"Dur\u00e9e de lecture estim\u00e9e\" \/>\n\t<meta name=\"twitter:data1\" content=\"1 minute\" \/>\n<script type=\"application\/ld+json\" class=\"yoast-schema-graph\">{\"@context\":\"https:\/\/schema.org\",\"@graph\":[{\"@type\":\"WebPage\",\"@id\":\"https:\/\/www.detempsentemps.mobi\/blog\/en-savoir-plus\/\",\"url\":\"https:\/\/www.detempsentemps.mobi\/blog\/en-savoir-plus\/\",\"name\":\"En savoir plus - De tempS eN TempS\",\"isPartOf\":{\"@id\":\"https:\/\/www.detempsentemps.mobi\/blog\/#website\"},\"datePublished\":\"2011-06-18T17:55:02+00:00\",\"dateModified\":\"2024-07-07T16:15:06+00:00\",\"description\":\"Blog sur les comp\u00e9titions internationales de Handball , les outils webmarketing de la communication digitale et d'autres sujets.\",\"inLanguage\":\"fr-FR\",\"potentialAction\":[{\"@type\":\"ReadAction\",\"target\":[\"https:\/\/www.detempsentemps.mobi\/blog\/en-savoir-plus\/\"]}]},{\"@type\":\"WebSite\",\"@id\":\"https:\/\/www.detempsentemps.mobi\/blog\/#website\",\"url\":\"https:\/\/www.detempsentemps.mobi\/blog\/\",\"name\":\"De tempS eN TempS\",\"description\":\"Le Blog : Handball et autres sujets\",\"publisher\":{\"@id\":\"https:\/\/www.detempsentemps.mobi\/blog\/#\/schema\/person\/620c50b6883f9899f3e6a046467553dd\"},\"potentialAction\":[{\"@type\":\"SearchAction\",\"target\":{\"@type\":\"EntryPoint\",\"urlTemplate\":\"https:\/\/www.detempsentemps.mobi\/blog\/?s={search_term_string}\"},\"query-input\":{\"@type\":\"PropertyValueSpecification\",\"valueRequired\":true,\"valueName\":\"search_term_string\"}}],\"inLanguage\":\"fr-FR\"},{\"@type\":[\"Person\",\"Organization\"],\"@id\":\"https:\/\/www.detempsentemps.mobi\/blog\/#\/schema\/person\/620c50b6883f9899f3e6a046467553dd\",\"name\":\"Carole Gauquelin\",\"image\":{\"@type\":\"ImageObject\",\"inLanguage\":\"fr-FR\",\"@id\":\"https:\/\/www.detempsentemps.mobi\/blog\/#\/schema\/person\/image\/\",\"url\":\"https:\/\/secure.gravatar.com\/avatar\/78267e17080cf816971626afe52e089260bc88dab78908d5a9434169971ba298?s=96&d=mm&r=g\",\"contentUrl\":\"https:\/\/secure.gravatar.com\/avatar\/78267e17080cf816971626afe52e089260bc88dab78908d5a9434169971ba298?s=96&d=mm&r=g\",\"caption\":\"Carole Gauquelin\"},\"logo\":{\"@id\":\"https:\/\/www.detempsentemps.mobi\/blog\/#\/schema\/person\/image\/\"}}]}<\/script>\n<!-- \/ Yoast SEO plugin. -->","yoast_head_json":{"title":"En savoir plus - De tempS eN TempS","description":"Blog sur les comp\u00e9titions internationales de Handball , les outils webmarketing de la communication digitale et d'autres sujets.","robots":{"index":"index","follow":"follow","max-snippet":"max-snippet:-1","max-image-preview":"max-image-preview:large","max-video-preview":"max-video-preview:-1"},"canonical":"https:\/\/www.detempsentemps.mobi\/blog\/en-savoir-plus\/","og_locale":"fr_FR","og_type":"article","og_title":"En savoir plus - De tempS eN TempS","og_description":"Blog sur les comp\u00e9titions internationales de Handball , les outils webmarketing de la communication digitale et d'autres sujets.","og_url":"https:\/\/www.detempsentemps.mobi\/blog\/en-savoir-plus\/","og_site_name":"De tempS eN TempS","article_modified_time":"2024-07-07T16:15:06+00:00","twitter_card":"summary_large_image","twitter_misc":{"Dur\u00e9e de lecture estim\u00e9e":"1 minute"},"schema":{"@context":"https:\/\/schema.org","@graph":[{"@type":"WebPage","@id":"https:\/\/www.detempsentemps.mobi\/blog\/en-savoir-plus\/","url":"https:\/\/www.detempsentemps.mobi\/blog\/en-savoir-plus\/","name":"En savoir plus - De tempS eN TempS","isPartOf":{"@id":"https:\/\/www.detempsentemps.mobi\/blog\/#website"},"datePublished":"2011-06-18T17:55:02+00:00","dateModified":"2024-07-07T16:15:06+00:00","description":"Blog sur les comp\u00e9titions internationales de Handball , les outils webmarketing de la communication digitale et d'autres sujets.","inLanguage":"fr-FR","potentialAction":[{"@type":"ReadAction","target":["https:\/\/www.detempsentemps.mobi\/blog\/en-savoir-plus\/"]}]},{"@type":"WebSite","@id":"https:\/\/www.detempsentemps.mobi\/blog\/#website","url":"https:\/\/www.detempsentemps.mobi\/blog\/","name":"De tempS eN TempS","description":"Le Blog : Handball et autres sujets","publisher":{"@id":"https:\/\/www.detempsentemps.mobi\/blog\/#\/schema\/person\/620c50b6883f9899f3e6a046467553dd"},"potentialAction":[{"@type":"SearchAction","target":{"@type":"EntryPoint","urlTemplate":"https:\/\/www.detempsentemps.mobi\/blog\/?s={search_term_string}"},"query-input":{"@type":"PropertyValueSpecification","valueRequired":true,"valueName":"search_term_string"}}],"inLanguage":"fr-FR"},{"@type":["Person","Organization"],"@id":"https:\/\/www.detempsentemps.mobi\/blog\/#\/schema\/person\/620c50b6883f9899f3e6a046467553dd","name":"Carole Gauquelin","image":{"@type":"ImageObject","inLanguage":"fr-FR","@id":"https:\/\/www.detempsentemps.mobi\/blog\/#\/schema\/person\/image\/","url":"https:\/\/secure.gravatar.com\/avatar\/78267e17080cf816971626afe52e089260bc88dab78908d5a9434169971ba298?s=96&d=mm&r=g","contentUrl":"https:\/\/secure.gravatar.com\/avatar\/78267e17080cf816971626afe52e089260bc88dab78908d5a9434169971ba298?s=96&d=mm&r=g","caption":"Carole Gauquelin"},"logo":{"@id":"https:\/\/www.detempsentemps.mobi\/blog\/#\/schema\/person\/image\/"}}]}},"uagb_featured_image_src":{"full":false,"thumbnail":false,"medium":false,"medium_large":false,"large":false,"1536x1536":false,"2048x2048":false,"coraline-image-template":false,"post-thumbnail":false},"uagb_author_info":{"display_name":"Carole Gauquelin","author_link":"https:\/\/www.detempsentemps.mobi\/blog\/author\/2teamscg\/"},"uagb_comment_info":0,"uagb_excerpt":"Bonjour ! Ce site est un blog rattach\u00e9 au site personnel https:\/\/www.detempsentemps.mobi ax\u00e9 sur les actualit\u00e9s et les r\u00e9sultats des \u00e9quipes de france de handball f\u00e9minines et masculines. Au d\u00e9part, j&rsquo;avais d\u00e9cid\u00e9 de cr\u00e9er un blog sur les jeux concours &hellip; &nbsp;LIRE LA SUITE &gt;&nbsp;","_links":{"self":[{"href":"https:\/\/www.detempsentemps.mobi\/blog\/wp-json\/wp\/v2\/pages\/2","targetHints":{"allow":["GET"]}}],"collection":[{"href":"https:\/\/www.detempsentemps.mobi\/blog\/wp-json\/wp\/v2\/pages"}],"about":[{"href":"https:\/\/www.detempsentemps.mobi\/blog\/wp-json\/wp\/v2\/types\/page"}],"author":[{"embeddable":true,"href":"https:\/\/www.detempsentemps.mobi\/blog\/wp-json\/wp\/v2\/users\/2"}],"replies":[{"embeddable":true,"href":"https:\/\/www.detempsentemps.mobi\/blog\/wp-json\/wp\/v2\/comments?post=2"}],"version-history":[{"count":17,"href":"https:\/\/www.detempsentemps.mobi\/blog\/wp-json\/wp\/v2\/pages\/2\/revisions"}],"predecessor-version":[{"id":1039,"href":"https:\/\/www.detempsentemps.mobi\/blog\/wp-json\/wp\/v2\/pages\/2\/revisions\/1039"}],"wp:attachment":[{"href":"https:\/\/www.detempsentemps.mobi\/blog\/wp-json\/wp\/v2\/media?parent=2"}],"curies":[{"name":"wp","href":"https:\/\/api.w.org\/{rel}","templated":true}]}}